{"id":419,"date":"2022-11-14T12:33:16","date_gmt":"2022-11-14T10:33:16","guid":{"rendered":"https:\/\/botniatek.fi\/meista\/"},"modified":"2023-03-22T15:48:34","modified_gmt":"2023-03-22T13:48:34","slug":"meista","status":"publish","type":"page","link":"https:\/\/botniatek.fi\/fi\/meista\/","title":{"rendered":"Meist\u00e4"},"content":{"rendered":"\t\t<div data-elementor-type=\"wp-page\" data-elementor-id=\"419\" class=\"elementor elementor-419 elementor-63\" data-elementor-post-type=\"page\">\n\t\t\t\t<div class=\"elementor-element elementor-element-11cb1f7 e-flex e-con-boxed e-con e-parent\" data-id=\"11cb1f7\" data-element_type=\"container\">\n\t\t\t\t\t<div class=\"e-con-inner\">\n\t\t\t\t<div class=\"elementor-element elementor-element-b36241a elementor-widget__width-initial elementor-widget elementor-widget-image\" data-id=\"b36241a\" data-element_type=\"widget\" data-widget_type=\"image.default\">\n\t\t\t\t<div class=\"elementor-widget-container\">\n\t\t\t<style>\/*! elementor - v3.23.0 - 05-08-2024 *\/\n.elementor-widget-image{text-align:center}.elementor-widget-image a{display:inline-block}.elementor-widget-image a img[src$=\".svg\"]{width:48px}.elementor-widget-image img{vertical-align:middle;display:inline-block}<\/style>\t\t\t\t\t\t\t\t\t\t<img decoding=\"async\" width=\"105\" height=\"102\" src=\"https:\/\/botniatek.fi\/wp-content\/uploads\/2022\/11\/graphic-element.svg\" class=\"attachment-full size-full wp-image-188\" alt=\"\" \/>\t\t\t\t\t\t\t\t\t\t\t\t\t<\/div>\n\t\t\t\t<\/div>\n\t\t<div class=\"elementor-element elementor-element-fe5304b e-con-full e-flex e-con e-parent\" data-id=\"fe5304b\" data-element_type=\"container\">\n\t\t\t\t<div class=\"elementor-element elementor-element-52d812f elementor-widget elementor-widget-heading\" data-id=\"52d812f\" data-element_type=\"widget\" data-widget_type=\"heading.default\">\n\t\t\t\t<div class=\"elementor-widget-container\">\n\t\t\t<style>\/*! elementor - v3.23.0 - 05-08-2024 *\/\n.elementor-heading-title{padding:0;margin:0;line-height:1}.elementor-widget-heading .elementor-heading-title[class*=elementor-size-]>a{color:inherit;font-size:inherit;line-height:inherit}.elementor-widget-heading .elementor-heading-title.elementor-size-small{font-size:15px}.elementor-widget-heading .elementor-heading-title.elementor-size-medium{font-size:19px}.elementor-widget-heading .elementor-heading-title.elementor-size-large{font-size:29px}.elementor-widget-heading .elementor-heading-title.elementor-size-xl{font-size:39px}.elementor-widget-heading .elementor-heading-title.elementor-size-xxl{font-size:59px}<\/style><h2 class=\"elementor-heading-title elementor-size-default\">Oy Botniatek Ab<\/h2>\t\t<\/div>\n\t\t\t\t<\/div>\n\t\t\t\t<div class=\"elementor-element elementor-element-7446a8f elementor-widget__width-initial elementor-widget elementor-widget-text-editor\" data-id=\"7446a8f\" data-element_type=\"widget\" data-widget_type=\"text-editor.default\">\n\t\t\t\t<div class=\"elementor-widget-container\">\n\t\t\t<style>\/*! elementor - v3.23.0 - 05-08-2024 *\/\n.elementor-widget-text-editor.elementor-drop-cap-view-stacked .elementor-drop-cap{background-color:#69727d;color:#fff}.elementor-widget-text-editor.elementor-drop-cap-view-framed .elementor-drop-cap{color:#69727d;border:3px solid;background-color:transparent}.elementor-widget-text-editor:not(.elementor-drop-cap-view-default) .elementor-drop-cap{margin-top:8px}.elementor-widget-text-editor:not(.elementor-drop-cap-view-default) .elementor-drop-cap-letter{width:1em;height:1em}.elementor-widget-text-editor .elementor-drop-cap{float:left;text-align:center;line-height:1;font-size:50px}.elementor-widget-text-editor .elementor-drop-cap-letter{display:inline-block}<\/style>\t\t\t\t<p>Oy Botniatek Ab on paikallinen vaasalaisyritys turvallisuusalalla.<\/p>\n<p>Yrityksen perustivat Heidi Kolehmainen ja Marko Polvisalo vuonna 2022. Parilla on pitk\u00e4 kokemus turvallisuusalalta.<\/p>\n<p>Yrityksemme tavoitteena on nopea ja ammattitaitoinen palvelu oikeaan hintaan, oikea tuote oikeaan paikkaan sek\u00e4 monia tyytyv\u00e4isi\u00e4 asiakkaita!<\/p>\n\t\t\t\t\t\t<\/div>\n\t\t\t\t<\/div>\n\t\t\t\t<div class=\"elementor-element elementor-element-a2424de elementor-widget elementor-widget-button\" data-id=\"a2424de\" data-element_type=\"widget\" data-widget_type=\"button.default\">\n\t\t\t\t<div class=\"elementor-widget-container\">\n\t\t\t\t\t<div class=\"elementor-button-wrapper\">\n\t\t\t<a class=\"elementor-button elementor-button-link elementor-size-sm\" href=\"https:\/\/botniatek.fi\/fi\/ota-yhteytta\/\">\n\t\t\t\t\t\t<span class=\"elementor-button-content-wrapper\">\n\t\t\t\t\t\t\t\t\t<span class=\"elementor-button-text\">Ota yhteytt\u00e4<\/span>\n\t\t\t\t\t<\/span>\n\t\t\t\t\t<\/a>\n\t\t<\/div>\n\t\t\t\t<\/div>\n\t\t\t\t<\/div>\n\t\t\t\t<\/div>\n\t\t\t\t\t<\/div>\n\t\t\t\t<\/div>\n\t\t\t\t<\/div>\n\t\t","protected":false},"excerpt":{"rendered":"<p>Oy Botniatek Ab Oy Botniatek Ab on paikallinen vaasalaisyritys turvallisuusalalla. Yrityksen perustivat Heidi Kolehmainen ja Marko Polvisalo vuonna 2022. Parilla on pitk\u00e4 kokemus turvallisuusalalta. Yrityksemme tavoitteena on nopea ja ammattitaitoinen palvelu oikeaan hintaan, oikea tuote oikeaan paikkaan sek\u00e4 monia tyytyv\u00e4isi\u00e4 asiakkaita! Ota yhteytt\u00e4<\/p>\n","protected":false},"author":1,"featured_media":0,"parent":0,"menu_order":0,"comment_status":"closed","ping_status":"closed","template":"","meta":{"footnotes":""},"class_list":["post-419","page","type-page","status-publish","hentry"],"_links":{"self":[{"href":"https:\/\/botniatek.fi\/fi\/wp-json\/wp\/v2\/pages\/419","targetHints":{"allow":["GET"]}}],"collection":[{"href":"https:\/\/botniatek.fi\/fi\/wp-json\/wp\/v2\/pages"}],"about":[{"href":"https:\/\/botniatek.fi\/fi\/wp-json\/wp\/v2\/types\/page"}],"author":[{"embeddable":true,"href":"https:\/\/botniatek.fi\/fi\/wp-json\/wp\/v2\/users\/1"}],"replies":[{"embeddable":true,"href":"https:\/\/botniatek.fi\/fi\/wp-json\/wp\/v2\/comments?post=419"}],"version-history":[{"count":2,"href":"https:\/\/botniatek.fi\/fi\/wp-json\/wp\/v2\/pages\/419\/revisions"}],"predecessor-version":[{"id":582,"href":"https:\/\/botniatek.fi\/fi\/wp-json\/wp\/v2\/pages\/419\/revisions\/582"}],"wp:attachment":[{"href":"https:\/\/botniatek.fi\/fi\/wp-json\/wp\/v2\/media?parent=419"}],"curies":[{"name":"wp","href":"https:\/\/api.w.org\/{rel}","templated":true}]}}