{"id":421,"date":"2022-11-14T12:33:16","date_gmt":"2022-11-14T10:33:16","guid":{"rendered":"https:\/\/botniatek.fi\/palvelut\/"},"modified":"2024-08-29T17:03:08","modified_gmt":"2024-08-29T14:03:08","slug":"palvelut","status":"publish","type":"page","link":"https:\/\/botniatek.fi\/fi\/palvelut\/","title":{"rendered":"Palvelut"},"content":{"rendered":"\t\t<div data-elementor-type=\"wp-page\" data-elementor-id=\"421\" class=\"elementor elementor-421 elementor-64\" data-elementor-post-type=\"page\">\n\t\t\t\t<div class=\"elementor-element elementor-element-5967355 e-flex e-con-boxed e-con e-parent\" data-id=\"5967355\" data-element_type=\"container\">\n\t\t\t\t\t<div class=\"e-con-inner\">\n\t\t\t\t<div class=\"elementor-element elementor-element-97c6465 elementor-widget__width-inherit elementor-widget elementor-widget-heading\" data-id=\"97c6465\" data-element_type=\"widget\" data-widget_type=\"heading.default\">\n\t\t\t\t<div class=\"elementor-widget-container\">\n\t\t\t<style>\/*! elementor - v3.23.0 - 05-08-2024 *\/\n.elementor-heading-title{padding:0;margin:0;line-height:1}.elementor-widget-heading .elementor-heading-title[class*=elementor-size-]>a{color:inherit;font-size:inherit;line-height:inherit}.elementor-widget-heading .elementor-heading-title.elementor-size-small{font-size:15px}.elementor-widget-heading .elementor-heading-title.elementor-size-medium{font-size:19px}.elementor-widget-heading .elementor-heading-title.elementor-size-large{font-size:29px}.elementor-widget-heading .elementor-heading-title.elementor-size-xl{font-size:39px}.elementor-widget-heading .elementor-heading-title.elementor-size-xxl{font-size:59px}<\/style><h1 class=\"elementor-heading-title elementor-size-default\">Meid\u00e4n palvelumme<\/h1>\t\t<\/div>\n\t\t\t\t<\/div>\n\t\t<div class=\"elementor-element elementor-element-5d0e691 e-flex e-con-boxed e-con e-child\" data-id=\"5d0e691\" data-element_type=\"container\">\n\t\t\t\t\t<div class=\"e-con-inner\">\n\t\t\t\t<div class=\"elementor-element elementor-element-332b380 elementor-widget__width-initial elementor-widget elementor-widget-image\" data-id=\"332b380\" data-element_type=\"widget\" data-widget_type=\"image.default\">\n\t\t\t\t<div class=\"elementor-widget-container\">\n\t\t\t<style>\/*! elementor - v3.23.0 - 05-08-2024 *\/\n.elementor-widget-image{text-align:center}.elementor-widget-image a{display:inline-block}.elementor-widget-image a img[src$=\".svg\"]{width:48px}.elementor-widget-image img{vertical-align:middle;display:inline-block}<\/style>\t\t\t\t\t\t\t\t\t\t<img fetchpriority=\"high\" decoding=\"async\" width=\"800\" height=\"533\" src=\"https:\/\/botniatek.fi\/wp-content\/uploads\/2022\/11\/man-opening-hotel-door-with-card-key.jpg\" class=\"attachment-full size-full wp-image-369\" alt=\"mies avaa oven kortilla hotellissa\" srcset=\"https:\/\/botniatek.fi\/wp-content\/uploads\/2022\/11\/man-opening-hotel-door-with-card-key.jpg 800w, https:\/\/botniatek.fi\/wp-content\/uploads\/2022\/11\/man-opening-hotel-door-with-card-key-300x200.jpg 300w, https:\/\/botniatek.fi\/wp-content\/uploads\/2022\/11\/man-opening-hotel-door-with-card-key-768x512.jpg 768w\" sizes=\"(max-width: 800px) 100vw, 800px\" \/>\t\t\t\t\t\t\t\t\t\t\t\t\t<\/div>\n\t\t\t\t<\/div>\n\t\t<div class=\"elementor-element elementor-element-6fe5d85 e-con-full e-flex e-con e-child\" data-id=\"6fe5d85\" data-element_type=\"container\">\n\t\t\t\t<div class=\"elementor-element elementor-element-8381f1a elementor-widget elementor-widget-text-editor\" data-id=\"8381f1a\" data-element_type=\"widget\" data-widget_type=\"text-editor.default\">\n\t\t\t\t<div class=\"elementor-widget-container\">\n\t\t\t<style>\/*! elementor - v3.23.0 - 05-08-2024 *\/\n.elementor-widget-text-editor.elementor-drop-cap-view-stacked .elementor-drop-cap{background-color:#69727d;color:#fff}.elementor-widget-text-editor.elementor-drop-cap-view-framed .elementor-drop-cap{color:#69727d;border:3px solid;background-color:transparent}.elementor-widget-text-editor:not(.elementor-drop-cap-view-default) .elementor-drop-cap{margin-top:8px}.elementor-widget-text-editor:not(.elementor-drop-cap-view-default) .elementor-drop-cap-letter{width:1em;height:1em}.elementor-widget-text-editor .elementor-drop-cap{float:left;text-align:center;line-height:1;font-size:50px}.elementor-widget-text-editor .elementor-drop-cap-letter{display:inline-block}<\/style>\t\t\t\t<p><strong>Tarjoamme ammattitaitoista lukkosepp\u00e4palvelua yrityksille ja yksityisille<\/strong><\/p>\n\t\t\t\t\t\t<\/div>\n\t\t\t\t<\/div>\n\t\t\t\t<div class=\"elementor-element elementor-element-fbaae54 elementor-align-left elementor-icon-list--layout-traditional elementor-list-item-link-full_width elementor-widget elementor-widget-icon-list\" data-id=\"fbaae54\" data-element_type=\"widget\" data-widget_type=\"icon-list.default\">\n\t\t\t\t<div class=\"elementor-widget-container\">\n\t\t\t<link rel=\"stylesheet\" href=\"https:\/\/botniatek.fi\/wp-content\/uploads\/elementor\/css\/custom-widget-icon-list.min.css?ver=1732743409\">\t\t<ul class=\"elementor-icon-list-items\">\n\t\t\t\t\t\t\t<li class=\"elementor-icon-list-item\">\n\t\t\t\t\t\t\t\t\t\t\t<span class=\"elementor-icon-list-icon\">\n\t\t\t\t\t\t\t<svg xmlns=\"http:\/\/www.w3.org\/2000\/svg\" id=\"Layer_2\" viewBox=\"0 0 51.89 132.61\"><g id=\"Layer_1-2\"><path d=\"M0,0C11.66,2.9,22.7,8.92,31.81,18.03c26.77,26.76,26.77,70.17,0,96.93-8.73,8.73-19.24,14.62-30.34,17.65l-1.47-1.47v-24.32c5.16-2.13,10-5.29,14.19-9.48,17.04-17.03,17.03-44.65,0-61.68-4.2-4.2-9.03-7.36-14.19-9.48V0Z\" style=\"fill:#06c;\"><\/path><\/g><\/svg>\t\t\t\t\t\t<\/span>\n\t\t\t\t\t\t\t\t\t\t<span class=\"elementor-icon-list-text\">Lukkojen asennus ja korjaus<\/span>\n\t\t\t\t\t\t\t\t\t<\/li>\n\t\t\t\t\t\t\t\t<li class=\"elementor-icon-list-item\">\n\t\t\t\t\t\t\t\t\t\t\t<span class=\"elementor-icon-list-icon\">\n\t\t\t\t\t\t\t<svg xmlns=\"http:\/\/www.w3.org\/2000\/svg\" id=\"Layer_2\" viewBox=\"0 0 51.89 132.61\"><g id=\"Layer_1-2\"><path d=\"M0,0C11.66,2.9,22.7,8.92,31.81,18.03c26.77,26.76,26.77,70.17,0,96.93-8.73,8.73-19.24,14.62-30.34,17.65l-1.47-1.47v-24.32c5.16-2.13,10-5.29,14.19-9.48,17.04-17.03,17.03-44.65,0-61.68-4.2-4.2-9.03-7.36-14.19-9.48V0Z\" style=\"fill:#06c;\"><\/path><\/g><\/svg>\t\t\t\t\t\t<\/span>\n\t\t\t\t\t\t\t\t\t\t<span class=\"elementor-icon-list-text\">Oviautomatiikka<\/span>\n\t\t\t\t\t\t\t\t\t<\/li>\n\t\t\t\t\t\t\t\t<li class=\"elementor-icon-list-item\">\n\t\t\t\t\t\t\t\t\t\t\t<span class=\"elementor-icon-list-icon\">\n\t\t\t\t\t\t\t<svg xmlns=\"http:\/\/www.w3.org\/2000\/svg\" id=\"Layer_2\" viewBox=\"0 0 51.89 132.61\"><g id=\"Layer_1-2\"><path d=\"M0,0C11.66,2.9,22.7,8.92,31.81,18.03c26.77,26.76,26.77,70.17,0,96.93-8.73,8.73-19.24,14.62-30.34,17.65l-1.47-1.47v-24.32c5.16-2.13,10-5.29,14.19-9.48,17.04-17.03,17.03-44.65,0-61.68-4.2-4.2-9.03-7.36-14.19-9.48V0Z\" style=\"fill:#06c;\"><\/path><\/g><\/svg>\t\t\t\t\t\t<\/span>\n\t\t\t\t\t\t\t\t\t\t<span class=\"elementor-icon-list-text\">Porttiautomatiikka<\/span>\n\t\t\t\t\t\t\t\t\t<\/li>\n\t\t\t\t\t\t\t\t<li class=\"elementor-icon-list-item\">\n\t\t\t\t\t\t\t\t\t\t\t<span class=\"elementor-icon-list-icon\">\n\t\t\t\t\t\t\t<svg xmlns=\"http:\/\/www.w3.org\/2000\/svg\" id=\"Layer_2\" viewBox=\"0 0 51.89 132.61\"><g id=\"Layer_1-2\"><path d=\"M0,0C11.66,2.9,22.7,8.92,31.81,18.03c26.77,26.76,26.77,70.17,0,96.93-8.73,8.73-19.24,14.62-30.34,17.65l-1.47-1.47v-24.32c5.16-2.13,10-5.29,14.19-9.48,17.04-17.03,17.03-44.65,0-61.68-4.2-4.2-9.03-7.36-14.19-9.48V0Z\" style=\"fill:#06c;\"><\/path><\/g><\/svg>\t\t\t\t\t\t<\/span>\n\t\t\t\t\t\t\t\t\t\t<span class=\"elementor-icon-list-text\">Lukkojen poraukset avainten kadottua tai unohtuessa<\/span>\n\t\t\t\t\t\t\t\t\t<\/li>\n\t\t\t\t\t\t\t\t<li class=\"elementor-icon-list-item\">\n\t\t\t\t\t\t\t\t\t\t\t<span class=\"elementor-icon-list-icon\">\n\t\t\t\t\t\t\t<svg xmlns=\"http:\/\/www.w3.org\/2000\/svg\" id=\"Layer_2\" viewBox=\"0 0 51.89 132.61\"><g id=\"Layer_1-2\"><path d=\"M0,0C11.66,2.9,22.7,8.92,31.81,18.03c26.77,26.76,26.77,70.17,0,96.93-8.73,8.73-19.24,14.62-30.34,17.65l-1.47-1.47v-24.32c5.16-2.13,10-5.29,14.19-9.48,17.04-17.03,17.03-44.65,0-61.68-4.2-4.2-9.03-7.36-14.19-9.48V0Z\" style=\"fill:#06c;\"><\/path><\/g><\/svg>\t\t\t\t\t\t<\/span>\n\t\t\t\t\t\t\t\t\t\t<span class=\"elementor-icon-list-text\">Koodipohjainen lukitusj\u00e4rjestelm\u00e4 hotelleille ja majoitusliikkeille<\/span>\n\t\t\t\t\t\t\t\t\t<\/li>\n\t\t\t\t\t\t\t\t<li class=\"elementor-icon-list-item\">\n\t\t\t\t\t\t\t\t\t\t\t<span class=\"elementor-icon-list-icon\">\n\t\t\t\t\t\t\t<svg xmlns=\"http:\/\/www.w3.org\/2000\/svg\" id=\"Layer_2\" viewBox=\"0 0 51.89 132.61\"><g id=\"Layer_1-2\"><path d=\"M0,0C11.66,2.9,22.7,8.92,31.81,18.03c26.77,26.76,26.77,70.17,0,96.93-8.73,8.73-19.24,14.62-30.34,17.65l-1.47-1.47v-24.32c5.16-2.13,10-5.29,14.19-9.48,17.04-17.03,17.03-44.65,0-61.68-4.2-4.2-9.03-7.36-14.19-9.48V0Z\" style=\"fill:#06c;\"><\/path><\/g><\/svg>\t\t\t\t\t\t<\/span>\n\t\t\t\t\t\t\t\t\t\t<span class=\"elementor-icon-list-text\">Palosulku ja savunpoistoautomatiikka<\/span>\n\t\t\t\t\t\t\t\t\t<\/li>\n\t\t\t\t\t\t\t\t<li class=\"elementor-icon-list-item\">\n\t\t\t\t\t\t\t\t\t\t\t<span class=\"elementor-icon-list-icon\">\n\t\t\t\t\t\t\t<svg xmlns=\"http:\/\/www.w3.org\/2000\/svg\" id=\"Layer_2\" viewBox=\"0 0 51.89 132.61\"><g id=\"Layer_1-2\"><path d=\"M0,0C11.66,2.9,22.7,8.92,31.81,18.03c26.77,26.76,26.77,70.17,0,96.93-8.73,8.73-19.24,14.62-30.34,17.65l-1.47-1.47v-24.32c5.16-2.13,10-5.29,14.19-9.48,17.04-17.03,17.03-44.65,0-61.68-4.2-4.2-9.03-7.36-14.19-9.48V0Z\" style=\"fill:#06c;\"><\/path><\/g><\/svg>\t\t\t\t\t\t<\/span>\n\t\t\t\t\t\t\t\t\t\t<span class=\"elementor-icon-list-text\">Kulunvalvonta ja koodilukot<\/span>\n\t\t\t\t\t\t\t\t\t<\/li>\n\t\t\t\t\t\t\t\t<li class=\"elementor-icon-list-item\">\n\t\t\t\t\t\t\t\t\t\t\t<span class=\"elementor-icon-list-icon\">\n\t\t\t\t\t\t\t<svg xmlns=\"http:\/\/www.w3.org\/2000\/svg\" id=\"Layer_2\" viewBox=\"0 0 51.89 132.61\"><g id=\"Layer_1-2\"><path d=\"M0,0C11.66,2.9,22.7,8.92,31.81,18.03c26.77,26.76,26.77,70.17,0,96.93-8.73,8.73-19.24,14.62-30.34,17.65l-1.47-1.47v-24.32c5.16-2.13,10-5.29,14.19-9.48,17.04-17.03,17.03-44.65,0-61.68-4.2-4.2-9.03-7.36-14.19-9.48V0Z\" style=\"fill:#06c;\"><\/path><\/g><\/svg>\t\t\t\t\t\t<\/span>\n\t\t\t\t\t\t\t\t\t\t<span class=\"elementor-icon-list-text\">Porttipuhelinten asennus ja huolto<\/span>\n\t\t\t\t\t\t\t\t\t<\/li>\n\t\t\t\t\t\t\t\t<li class=\"elementor-icon-list-item\">\n\t\t\t\t\t\t\t\t\t\t\t<span class=\"elementor-icon-list-icon\">\n\t\t\t\t\t\t\t<svg xmlns=\"http:\/\/www.w3.org\/2000\/svg\" id=\"Layer_2\" viewBox=\"0 0 51.89 132.61\"><g id=\"Layer_1-2\"><path d=\"M0,0C11.66,2.9,22.7,8.92,31.81,18.03c26.77,26.76,26.77,70.17,0,96.93-8.73,8.73-19.24,14.62-30.34,17.65l-1.47-1.47v-24.32c5.16-2.13,10-5.29,14.19-9.48,17.04-17.03,17.03-44.65,0-61.68-4.2-4.2-9.03-7.36-14.19-9.48V0Z\" style=\"fill:#06c;\"><\/path><\/g><\/svg>\t\t\t\t\t\t<\/span>\n\t\t\t\t\t\t\t\t\t\t<span class=\"elementor-icon-list-text\">Kameravalvonnat m\u00f6keille ja kiinteist\u00f6ille<\/span>\n\t\t\t\t\t\t\t\t\t<\/li>\n\t\t\t\t\t\t<\/ul>\n\t\t\t\t<\/div>\n\t\t\t\t<\/div>\n\t\t\t\t<div class=\"elementor-element elementor-element-28ceaa6 elementor-widget elementor-widget-button\" data-id=\"28ceaa6\" data-element_type=\"widget\" data-widget_type=\"button.default\">\n\t\t\t\t<div class=\"elementor-widget-container\">\n\t\t\t\t\t<div class=\"elementor-button-wrapper\">\n\t\t\t<a class=\"elementor-button elementor-button-link elementor-size-sm\" href=\"https:\/\/botniatek.fi\/fi\/ota-yhteytta\/\">\n\t\t\t\t\t\t<span class=\"elementor-button-content-wrapper\">\n\t\t\t\t\t\t\t\t\t<span class=\"elementor-button-text\">Ota yhteytt\u00e4<\/span>\n\t\t\t\t\t<\/span>\n\t\t\t\t\t<\/a>\n\t\t<\/div>\n\t\t\t\t<\/div>\n\t\t\t\t<\/div>\n\t\t\t\t<\/div>\n\t\t\t\t\t<\/div>\n\t\t\t\t<\/div>\n\t\t\t\t\t<\/div>\n\t\t\t\t<\/div>\n\t\t<div class=\"elementor-element elementor-element-3336896 e-flex e-con-boxed e-con e-parent\" data-id=\"3336896\" data-element_type=\"container\">\n\t\t\t\t\t<div class=\"e-con-inner\">\n\t\t<div class=\"elementor-element elementor-element-b94f7e3 e-con-full e-flex e-con e-child\" data-id=\"b94f7e3\" data-element_type=\"container\" data-settings=\"{&quot;background_background&quot;:&quot;classic&quot;}\">\n\t\t\t\t<div class=\"elementor-element elementor-element-48f9dde elementor-widget__width-initial elementor-widget elementor-widget-image\" data-id=\"48f9dde\" data-element_type=\"widget\" data-widget_type=\"image.default\">\n\t\t\t\t<div class=\"elementor-widget-container\">\n\t\t\t\t\t\t\t\t\t\t\t\t\t<img decoding=\"async\" width=\"51\" height=\"132\" src=\"https:\/\/botniatek.fi\/wp-content\/uploads\/2022\/11\/graphic-element-2.svg\" class=\"attachment-full size-full wp-image-187\" alt=\"\" \/>\t\t\t\t\t\t\t\t\t\t\t\t\t<\/div>\n\t\t\t\t<\/div>\n\t\t<div class=\"elementor-element elementor-element-8aaedc0 e-flex e-con-boxed e-con e-child\" data-id=\"8aaedc0\" data-element_type=\"container\">\n\t\t\t\t\t<div class=\"e-con-inner\">\n\t\t\t\t<div class=\"elementor-element elementor-element-924c570 elementor-widget elementor-widget-text-editor\" data-id=\"924c570\" data-element_type=\"widget\" data-widget_type=\"text-editor.default\">\n\t\t\t\t<div class=\"elementor-widget-container\">\n\t\t\t\t\t\t\t<p style=\"font-weight: 400;\"><strong>Hinnastomme<\/strong><\/p><p style=\"font-weight: 400;\"><strong>Tuntiveloitus arkip\u00e4ivisin<br><\/strong>alk 62,95\u20ac alv 0% (79,00\u20ac alv 25,50%)<\/p>\n<p style=\"font-weight: 400;\"><strong>P\u00e4ivystys<br><\/strong>alk 175,00\u20ac alv 0% (219,63\u20ac alv 25,50%)<\/p>\n<p style=\"font-weight: 400;\"><strong>Huoltoautokustannus<\/strong><br>Vaasa max. 10 km: 16,73\u20ac alv 0% (21,00\u20ac alv 25,50%)<br>Yli 10 km matkalta veloitus matkustusajasta ja kilometreist\u00e4 erikseen. <\/p>\n<p>Muut sopimuksen mukaan.<\/p>\n<p style=\"font-weight: 400;\">Hinnasto on voimassa 1.9.2024 alkaen<\/p>\t\t\t\t\t\t<\/div>\n\t\t\t\t<\/div>\n\t\t\t\t\t<\/div>\n\t\t\t\t<\/div>\n\t\t\t\t<\/div>\n\t\t<div class=\"elementor-element elementor-element-5b21e3f e-con-full e-flex e-con e-child\" data-id=\"5b21e3f\" data-element_type=\"container\" data-settings=\"{&quot;background_background&quot;:&quot;classic&quot;}\">\n\t\t\t\t<div class=\"elementor-element elementor-element-03799f0 elementor-widget elementor-widget-spacer\" data-id=\"03799f0\" data-element_type=\"widget\" data-widget_type=\"spacer.default\">\n\t\t\t\t<div class=\"elementor-widget-container\">\n\t\t\t<style>\/*! elementor - v3.23.0 - 05-08-2024 *\/\n.elementor-column .elementor-spacer-inner{height:var(--spacer-size)}.e-con{--container-widget-width:100%}.e-con-inner>.elementor-widget-spacer,.e-con>.elementor-widget-spacer{width:var(--container-widget-width,var(--spacer-size));--align-self:var(--container-widget-align-self,initial);--flex-shrink:0}.e-con-inner>.elementor-widget-spacer>.elementor-widget-container,.e-con>.elementor-widget-spacer>.elementor-widget-container{height:100%;width:100%}.e-con-inner>.elementor-widget-spacer>.elementor-widget-container>.elementor-spacer,.e-con>.elementor-widget-spacer>.elementor-widget-container>.elementor-spacer{height:100%}.e-con-inner>.elementor-widget-spacer>.elementor-widget-container>.elementor-spacer>.elementor-spacer-inner,.e-con>.elementor-widget-spacer>.elementor-widget-container>.elementor-spacer>.elementor-spacer-inner{height:var(--container-widget-height,var(--spacer-size))}.e-con-inner>.elementor-widget-spacer.elementor-widget-empty,.e-con>.elementor-widget-spacer.elementor-widget-empty{position:relative;min-height:22px;min-width:22px}.e-con-inner>.elementor-widget-spacer.elementor-widget-empty .elementor-widget-empty-icon,.e-con>.elementor-widget-spacer.elementor-widget-empty .elementor-widget-empty-icon{position:absolute;top:0;bottom:0;left:0;right:0;margin:auto;padding:0;width:22px;height:22px}<\/style>\t\t<div class=\"elementor-spacer\">\n\t\t\t<div class=\"elementor-spacer-inner\"><\/div>\n\t\t<\/div>\n\t\t\t\t<\/div>\n\t\t\t\t<\/div>\n\t\t\t\t<\/div>\n\t\t\t\t\t<\/div>\n\t\t\t\t<\/div>\n\t\t\t\t<\/div>\n\t\t","protected":false},"excerpt":{"rendered":"<p>Meid\u00e4n palvelumme Tarjoamme ammattitaitoista lukkosepp\u00e4palvelua yrityksille ja yksityisille Lukkojen asennus ja korjaus Oviautomatiikka Porttiautomatiikka Lukkojen poraukset avainten kadottua tai unohtuessa Koodipohjainen lukitusj\u00e4rjestelm\u00e4 hotelleille ja majoitusliikkeille Palosulku ja savunpoistoautomatiikka Kulunvalvonta ja koodilukot Porttipuhelinten asennus ja huolto Kameravalvonnat m\u00f6keille ja kiinteist\u00f6ille Ota yhteytt\u00e4 Hinnastomme Tuntiveloitus arkip\u00e4ivisinalk 62,95\u20ac alv 0% (79,00\u20ac alv 25,50%) P\u00e4ivystysalk 175,00\u20ac alv 0% (219,63\u20ac [&hellip;]<\/p>\n","protected":false},"author":1,"featured_media":0,"parent":0,"menu_order":0,"comment_status":"closed","ping_status":"closed","template":"","meta":{"footnotes":""},"class_list":["post-421","page","type-page","status-publish","hentry"],"_links":{"self":[{"href":"https:\/\/botniatek.fi\/fi\/wp-json\/wp\/v2\/pages\/421","targetHints":{"allow":["GET"]}}],"collection":[{"href":"https:\/\/botniatek.fi\/fi\/wp-json\/wp\/v2\/pages"}],"about":[{"href":"https:\/\/botniatek.fi\/fi\/wp-json\/wp\/v2\/types\/page"}],"author":[{"embeddable":true,"href":"https:\/\/botniatek.fi\/fi\/wp-json\/wp\/v2\/users\/1"}],"replies":[{"embeddable":true,"href":"https:\/\/botniatek.fi\/fi\/wp-json\/wp\/v2\/comments?post=421"}],"version-history":[{"count":10,"href":"https:\/\/botniatek.fi\/fi\/wp-json\/wp\/v2\/pages\/421\/revisions"}],"predecessor-version":[{"id":635,"href":"https:\/\/botniatek.fi\/fi\/wp-json\/wp\/v2\/pages\/421\/revisions\/635"}],"wp:attachment":[{"href":"https:\/\/botniatek.fi\/fi\/wp-json\/wp\/v2\/media?parent=421"}],"curies":[{"name":"wp","href":"https:\/\/api.w.org\/{rel}","templated":true}]}}