{"id":499,"date":"2022-11-11T13:17:19","date_gmt":"2022-11-11T11:17:19","guid":{"rendered":"https:\/\/botniatek.fi\/rekisteriseloste\/"},"modified":"2022-11-24T12:34:07","modified_gmt":"2022-11-24T10:34:07","slug":"rekisteriseloste","status":"publish","type":"page","link":"https:\/\/botniatek.fi\/fi\/rekisteriseloste\/","title":{"rendered":"Rekisteriseloste"},"content":{"rendered":"\t\t<div data-elementor-type=\"wp-page\" data-elementor-id=\"499\" class=\"elementor elementor-499 elementor-3\" data-elementor-post-type=\"page\">\n\t\t\t\t<div class=\"elementor-element elementor-element-cfd796a e-flex e-con-boxed e-con e-parent\" data-id=\"cfd796a\" data-element_type=\"container\">\n\t\t\t\t\t<div class=\"e-con-inner\">\n\t\t<div class=\"elementor-element elementor-element-0ba9aff e-con-full e-flex e-con e-parent\" data-id=\"0ba9aff\" data-element_type=\"container\">\n\t\t\t\t<div class=\"elementor-element elementor-element-17feeda elementor-widget elementor-widget-heading\" data-id=\"17feeda\" data-element_type=\"widget\" data-widget_type=\"heading.default\">\n\t\t\t\t<div class=\"elementor-widget-container\">\n\t\t\t<style>\/*! elementor - v3.23.0 - 05-08-2024 *\/\n.elementor-heading-title{padding:0;margin:0;line-height:1}.elementor-widget-heading .elementor-heading-title[class*=elementor-size-]>a{color:inherit;font-size:inherit;line-height:inherit}.elementor-widget-heading .elementor-heading-title.elementor-size-small{font-size:15px}.elementor-widget-heading .elementor-heading-title.elementor-size-medium{font-size:19px}.elementor-widget-heading .elementor-heading-title.elementor-size-large{font-size:29px}.elementor-widget-heading .elementor-heading-title.elementor-size-xl{font-size:39px}.elementor-widget-heading .elementor-heading-title.elementor-size-xxl{font-size:59px}<\/style><h1 class=\"elementor-heading-title elementor-size-default\">Rekisteri<wbr>seloste<\/wbr><\/h1>\t\t<\/div>\n\t\t\t\t<\/div>\n\t\t\t\t<div class=\"elementor-element elementor-element-58052c5 elementor-widget-mobile__width-inherit elementor-widget elementor-widget-text-editor\" data-id=\"58052c5\" data-element_type=\"widget\" data-widget_type=\"text-editor.default\">\n\t\t\t\t<div class=\"elementor-widget-container\">\n\t\t\t<style>\/*! elementor - v3.23.0 - 05-08-2024 *\/\n.elementor-widget-text-editor.elementor-drop-cap-view-stacked .elementor-drop-cap{background-color:#69727d;color:#fff}.elementor-widget-text-editor.elementor-drop-cap-view-framed .elementor-drop-cap{color:#69727d;border:3px solid;background-color:transparent}.elementor-widget-text-editor:not(.elementor-drop-cap-view-default) .elementor-drop-cap{margin-top:8px}.elementor-widget-text-editor:not(.elementor-drop-cap-view-default) .elementor-drop-cap-letter{width:1em;height:1em}.elementor-widget-text-editor .elementor-drop-cap{float:left;text-align:center;line-height:1;font-size:50px}.elementor-widget-text-editor .elementor-drop-cap-letter{display:inline-block}<\/style>\t\t\t\t<p><em>P\u00e4ivitetty 24.11.2022<br \/><\/em><\/p>\n<h5><strong>Rekisterinpit\u00e4j\u00e4<\/strong><\/h5>\n<p>Oy Botniatek Ab (katso <a href=\"https:\/\/botniatek.fi\/fi\/ota-yhteytta\/\">yhteystiedot<\/a>)<\/p>\n<h5><strong>Rekisterin k\u00e4ytt\u00f6tarkoitus ja sis\u00e4lt\u00f6<\/strong><\/h5>\n<p>Rekisterin tietoja voidaan k\u00e4ytt\u00e4\u00e4 myyntiin, laskututtamiseen sek\u00e4 toimitukseen. Rekisteri voi sis\u00e4lt\u00e4\u00e4 seuraavia henkil\u00f6tietoja: nimi, Y-tunnus, osoitetiedot, puhelinnumero, henkil\u00f6kortin numero sek\u00e4 s\u00e4hk\u00f6postiosoite.<\/p>\n<h5><strong>Henkil\u00f6tietojen siirto<\/strong><\/h5>\n<p>Rekisterin tietoja voidaan siirt\u00e4\u00e4 edustajalle, tuomioistuimelle, viranomaisille, perint\u00e4toimistoille, mukaan lukien my\u00f6s muut rekister\u00f6idyn k\u00e4ytt\u00e4m\u00e4t ulkopuoliset tahot, rekister\u00f6idyn ohjeiden mukaisesti. Rekisterin tietoja ei luovuteta EU:n\/ETA:n ulkopuolelle.<\/p>\n<h5><strong>L\u00e4hteet ja lis\u00e4tiedot<\/strong><\/h5>\n<p><a href=\"https:\/\/www.finlex.fi\/fi\/laki\/ajantasa\/2018\/20181050\" target=\"_blank\" rel=\"noopener\">https:\/\/www.finlex.fi\/fi\/laki\/ajantasa\/2018\/20181050<\/a><\/p>\n<p><a href=\"https:\/\/europa.eu\/youreurope\/business\/dealing-with-customers\/data-protection\/data-protection-gdpr\/index_fi.htm\" target=\"_blank\" rel=\"noopener\">https:\/\/europa.eu\/youreurope\/business\/dealing-with-customers\/data-protection\/data-protection-gdpr\/index_fi.htm<\/a><\/p>\n<p><a href=\"https:\/\/www.finlex.fi\/fi\/laki\/alkup\/2015\/20151085\" target=\"_blank\" rel=\"noopener\">https:\/\/www.finlex.fi\/fi\/laki\/alkup\/2015\/20151085<\/a><\/p>\n\t\t\t\t\t\t<\/div>\n\t\t\t\t<\/div>\n\t\t\t\t<\/div>\n\t\t\t\t\t<\/div>\n\t\t\t\t<\/div>\n\t\t\t\t<\/div>\n\t\t","protected":false},"excerpt":{"rendered":"<p>Rekisteriseloste P\u00e4ivitetty 24.11.2022 Rekisterinpit\u00e4j\u00e4 Oy Botniatek Ab (katso yhteystiedot) Rekisterin k\u00e4ytt\u00f6tarkoitus ja sis\u00e4lt\u00f6 Rekisterin tietoja voidaan k\u00e4ytt\u00e4\u00e4 myyntiin, laskututtamiseen sek\u00e4 toimitukseen. Rekisteri voi sis\u00e4lt\u00e4\u00e4 seuraavia henkil\u00f6tietoja: nimi, Y-tunnus, osoitetiedot, puhelinnumero, henkil\u00f6kortin numero sek\u00e4 s\u00e4hk\u00f6postiosoite. Henkil\u00f6tietojen siirto Rekisterin tietoja voidaan siirt\u00e4\u00e4 edustajalle, tuomioistuimelle, viranomaisille, perint\u00e4toimistoille, mukaan lukien my\u00f6s muut rekister\u00f6idyn k\u00e4ytt\u00e4m\u00e4t ulkopuoliset tahot, rekister\u00f6idyn ohjeiden mukaisesti. [&hellip;]<\/p>\n","protected":false},"author":1,"featured_media":0,"parent":0,"menu_order":0,"comment_status":"closed","ping_status":"closed","template":"","meta":{"footnotes":""},"class_list":["post-499","page","type-page","status-publish","hentry"],"_links":{"self":[{"href":"https:\/\/botniatek.fi\/fi\/wp-json\/wp\/v2\/pages\/499","targetHints":{"allow":["GET"]}}],"collection":[{"href":"https:\/\/botniatek.fi\/fi\/wp-json\/wp\/v2\/pages"}],"about":[{"href":"https:\/\/botniatek.fi\/fi\/wp-json\/wp\/v2\/types\/page"}],"author":[{"embeddable":true,"href":"https:\/\/botniatek.fi\/fi\/wp-json\/wp\/v2\/users\/1"}],"replies":[{"embeddable":true,"href":"https:\/\/botniatek.fi\/fi\/wp-json\/wp\/v2\/comments?post=499"}],"version-history":[{"count":2,"href":"https:\/\/botniatek.fi\/fi\/wp-json\/wp\/v2\/pages\/499\/revisions"}],"predecessor-version":[{"id":501,"href":"https:\/\/botniatek.fi\/fi\/wp-json\/wp\/v2\/pages\/499\/revisions\/501"}],"wp:attachment":[{"href":"https:\/\/botniatek.fi\/fi\/wp-json\/wp\/v2\/media?parent=499"}],"curies":[{"name":"wp","href":"https:\/\/api.w.org\/{rel}","templated":true}]}}